{"id":29311,"date":"2023-04-16T21:38:58","date_gmt":"2023-04-16T19:38:58","guid":{"rendered":"http:\/\/www.camillebrunot.com\/?page_id=29311"},"modified":"2025-07-21T14:55:49","modified_gmt":"2025-07-21T12:55:49","slug":"boutique-showroom","status":"publish","type":"page","link":"https:\/\/www.camillebrunot.com\/en\/boutique-showroom\/","title":{"rendered":"SHOWROOM"},"content":{"rendered":"<div data-elementor-type=\"wp-page\" data-elementor-id=\"29311\" class=\"elementor elementor-29311\">\n\t\t\t\t\t\t<section class=\"elementor-section elementor-top-section elementor-element elementor-element-112ae4b3 elementor-section-full_width elementor-section-height-default elementor-section-height-default qodef-elementor-content-no\" data-id=\"112ae4b3\" data-element_type=\"section\" data-e-type=\"section\">\n\t\t\t\t\t\t<div class=\"elementor-container elementor-column-gap-default\">\n\t\t\t\t\t<div class=\"elementor-column elementor-col-50 elementor-top-column elementor-element elementor-element-5db7ea95\" data-id=\"5db7ea95\" data-element_type=\"column\" data-e-type=\"column\">\n\t\t\t<div class=\"elementor-widget-wrap elementor-element-populated\">\n\t\t\t\t\t\t<div class=\"elementor-element elementor-element-84ac952 elementor-widget elementor-widget-image\" data-id=\"84ac952\" data-element_type=\"widget\" data-e-type=\"widget\" data-widget_type=\"image.default\">\n\t\t\t\t<div class=\"elementor-widget-container\">\n\t\t\t\t\t\t\t\t\t\t\t\t\t\t\t<img fetchpriority=\"high\" decoding=\"async\" width=\"1024\" height=\"650\" src=\"https:\/\/www.camillebrunot.com\/wp-content\/uploads\/2024\/10\/facade-paysage-oct-24-1024x650.jpg\" class=\"attachment-large size-large wp-image-31527\" alt=\"\" srcset=\"https:\/\/www.camillebrunot.com\/wp-content\/uploads\/2024\/10\/facade-paysage-oct-24-1024x650.jpg 1024w, https:\/\/www.camillebrunot.com\/wp-content\/uploads\/2024\/10\/facade-paysage-oct-24-300x190.jpg 300w, https:\/\/www.camillebrunot.com\/wp-content\/uploads\/2024\/10\/facade-paysage-oct-24-768x487.jpg 768w, https:\/\/www.camillebrunot.com\/wp-content\/uploads\/2024\/10\/facade-paysage-oct-24-1536x975.jpg 1536w, https:\/\/www.camillebrunot.com\/wp-content\/uploads\/2024\/10\/facade-paysage-oct-24-2048x1300.jpg 2048w, https:\/\/www.camillebrunot.com\/wp-content\/uploads\/2024\/10\/facade-paysage-oct-24-18x12.jpg 18w, https:\/\/www.camillebrunot.com\/wp-content\/uploads\/2024\/10\/facade-paysage-oct-24-500x317.jpg 500w, https:\/\/www.camillebrunot.com\/wp-content\/uploads\/2024\/10\/facade-paysage-oct-24-170x108.jpg 170w\" sizes=\"(max-width: 1024px) 100vw, 1024px\" \/>\t\t\t\t\t\t\t\t\t\t\t\t\t\t\t<\/div>\n\t\t\t\t<\/div>\n\t\t\t\t\t<\/div>\n\t\t<\/div>\n\t\t\t\t<div class=\"elementor-column elementor-col-50 elementor-top-column elementor-element elementor-element-2401265d\" data-id=\"2401265d\" data-element_type=\"column\" data-e-type=\"column\">\n\t\t\t<div class=\"elementor-widget-wrap elementor-element-populated\">\n\t\t\t\t\t\t<div class=\"elementor-element elementor-element-bb4ab84 elementor-widget elementor-widget-text-editor\" data-id=\"bb4ab84\" data-element_type=\"widget\" data-e-type=\"widget\" data-widget_type=\"text-editor.default\">\n\t\t\t\t<div class=\"elementor-widget-container\">\n\t\t\t\t\t\t\t\t\t<p><b>(access via rue Pierre Fatio 13)<\/b><\/p><p><b>1204, Geneva, Switzerland<\/b><\/p><p><b>Open by appointment:<\/b><\/p><p><b>+41 (0)79 155 13 64<\/b><\/p>\t\t\t\t\t\t\t\t<\/div>\n\t\t\t\t<\/div>\n\t\t\t\t<div class=\"elementor-element elementor-element-5474ee9 elementor-widget__width-initial elementor-widget elementor-widget-text-editor\" data-id=\"5474ee9\" data-element_type=\"widget\" data-e-type=\"widget\" data-widget_type=\"text-editor.default\">\n\t\t\t\t<div class=\"elementor-widget-container\">\n\t\t\t\t\t\t\t\t\t<p>Welcome to this new creative space located in the heart of Geneva, in Rive.<\/p><p><span style=\"font-weight: 400;\">Experience the design of <\/span><b>the Camille Brunot brand<\/b><span style=\"font-weight: 400;\"> which presents in its showroom collections of <\/span><span style=\"font-weight: 400;\">furniture, lighting, carpets, curtains, blinds, wallpaper, upholstery fabrics...<\/span><\/p><p><span style=\"font-weight: 400;\">An eclectic universe that <\/span><b>fits in with both classic and contemporary interiors.<\/b><b>\u00a0<\/b><\/p><p><span style=\"font-weight: 400;\">Sit on the Flora chairs, armchairs and sofas, next to the Wanda, Ming Fan or R\u00e9miniscence tables. Choose one of our prints to cover your armchairs. Find curtains, and come and discover our different wallpapers.<\/span><\/p><p><b>The Camille Brunot house offers a range of services <\/b><span style=\"font-weight: 400;\">around interior architecture, design<\/span><span style=\"font-weight: 400;\"> and furniture.<\/span><\/p><p><span style=\"font-weight: 400;\">Custom interior design, wallpapering service, fitting out and layout, etc. Ask for advice or confide in us about your projects, directly in store or by making an appointment at your home. <\/span><\/p>\t\t\t\t\t\t\t\t<\/div>\n\t\t\t\t<\/div>\n\t\t\t\t\t<\/div>\n\t\t<\/div>\n\t\t\t\t\t<\/div>\n\t\t<\/section>\n\t\t\t\t<\/div>","protected":false},"excerpt":{"rendered":"<p>(acc\u00e8s par rue Pierre Fatio 13) 1204, Gen\u00e8ve, Suisse Ouvert sur rendez-vous : +41 (0)79 155 13 64 Bienvenue dans ce nouveau lieu de cr\u00e9ation situ\u00e9 en plein coeur de Gen\u00e8ve, \u00e0 Rive. Faites l\u2019exp\u00e9rience du design de la marque Camille Brunot qui pr\u00e9sente dans son showroom des collections de meubles, luminaires, tapis, rideaux, stores, [&hellip;]<\/p>\n","protected":false},"author":1,"featured_media":0,"parent":0,"menu_order":0,"comment_status":"closed","ping_status":"closed","template":"","meta":{"_seopress_robots_primary_cat":"","_seopress_titles_title":"","_seopress_titles_desc":"","_seopress_robots_index":"","footnotes":""},"class_list":["post-29311","page","type-page","status-publish","hentry"],"_links":{"self":[{"href":"https:\/\/www.camillebrunot.com\/en\/wp-json\/wp\/v2\/pages\/29311","targetHints":{"allow":["GET"]}}],"collection":[{"href":"https:\/\/www.camillebrunot.com\/en\/wp-json\/wp\/v2\/pages"}],"about":[{"href":"https:\/\/www.camillebrunot.com\/en\/wp-json\/wp\/v2\/types\/page"}],"author":[{"embeddable":true,"href":"https:\/\/www.camillebrunot.com\/en\/wp-json\/wp\/v2\/users\/1"}],"replies":[{"embeddable":true,"href":"https:\/\/www.camillebrunot.com\/en\/wp-json\/wp\/v2\/comments?post=29311"}],"version-history":[{"count":20,"href":"https:\/\/www.camillebrunot.com\/en\/wp-json\/wp\/v2\/pages\/29311\/revisions"}],"predecessor-version":[{"id":31764,"href":"https:\/\/www.camillebrunot.com\/en\/wp-json\/wp\/v2\/pages\/29311\/revisions\/31764"}],"wp:attachment":[{"href":"https:\/\/www.camillebrunot.com\/en\/wp-json\/wp\/v2\/media?parent=29311"}],"curies":[{"name":"wp","href":"https:\/\/api.w.org\/{rel}","templated":true}]}}